{"id":29,"date":"2019-10-08T18:21:24","date_gmt":"2019-10-08T16:21:24","guid":{"rendered":"http:\/\/boucentransition.fr\/?page_id=29"},"modified":"2025-07-06T11:44:57","modified_gmt":"2025-07-06T09:44:57","slug":"qui-sommes-nous","status":"publish","type":"page","link":"https:\/\/boucentransition.fr\/index.php\/qui-sommes-nous\/","title":{"rendered":"Qui sommes-nous ?"},"content":{"rendered":"\n<p>Nous sommes une association  <strong>apolitique<\/strong> de <strong>citoyens<\/strong> habitant  <strong>Bouc Bel Air<\/strong>.<\/p>\n\n\n\n<p>Notre objectif : mettre en place une d\u00e9marche de Transition inspir\u00e9e du mouvement international des villes en transition. Pour cela, nous nous appuyons sur le r\u00e9seau de \u00ab&nbsp;Pays d\u2019Aix en Transition&nbsp;\u00bb existant depuis 2011 et qui accompagne l\u2018\u00e9mergence de notre groupe.<\/p>\n\n\n\n<p><strong>Vous voulez nous rejoindre ?<\/strong><\/p>\n\n\n\n<p>Contactez nous (voir la page Contact) ou<strong> venez nous rencontrer <\/strong>le mercredi soir \u00e0 partir de 17h45 \u00e0 la Maison de la Nature rue Frederic Chopin \u00e0 Bouc Bel Air.<\/p>\n\n\n\n<p><strong>Qu\u2019est-ce-que la Transition&nbsp;?&nbsp;<\/strong><\/p>\n\n\n\n<p>Le mouvement de Transition est n\u00e9 en Grande-Bretagne en 2006 dans la petite ville de Totnes. L\u2019enseignant en permaculture&nbsp;<strong>Rob Hopkins&nbsp;<\/strong>avait cr\u00e9\u00e9 le mod\u00e8le de Transition avec ses \u00e9tudiants dans la ville de Kinsale en Irlande un an auparavant. Il y a aujourd\u2019hui plus de 2 000 initiatives de Transition dans le monde, en 50 pays, dont 150 en France, r\u00e9unies dans le r\u00e9seau&nbsp;<a href=\"http:\/\/www.transitionnetwork.org\/\" rel=\"noreferrer noopener\" target=\"_blank\"><strong>International de la Transition.<\/strong><\/a><\/p>\n\n\n\n<p>Il s\u2019agit d\u2019inciter les citoyens d\u2019un territoire (bourg, quartier d\u2019une ville, village\u2026), \u00e0 prendre conscience, d\u2019une part, des profondes cons\u00e9quences que vont avoir sur nos vies la convergence du pic du p\u00e9trole, du changement du climat et, d\u2019autre part, de la n\u00e9cessit\u00e9 de s\u2019y pr\u00e9parer concr\u00e8tement. Il s\u2019agit de mettre en place des solutions fond\u00e9es sur une vision positive de l\u2019avenir et qui visent \u00e0 :<\/p>\n\n\n\n<ul class=\"wp-block-list\">\n<li><strong>r\u00e9duire fortement<\/strong>, individuellement et collectivement, la <strong>consommation d\u2019\u00e9nergie<\/strong> d\u2019origine fossile et nos <strong>\u00e9missions de CO2<\/strong><\/li>\n\n\n\n<li><strong>renforcer <\/strong>la<strong> r\u00e9silience <\/strong>de nos territoires, leur capacit\u00e9 \u00e0 s&rsquo;adapter aux cons\u00e9quences du changement climatique , par une relocalisation de l\u2019\u00e9conomie (alimentation, ENR\u2026)<\/li>\n\n\n\n<li><strong>renforcer<\/strong> les <strong>liens<\/strong>, les <strong>solidarit\u00e9s<\/strong> et la <strong>coop\u00e9ration<\/strong> entre l\u2019ensemble des acteurs du territoire<\/li>\n\n\n\n<li><strong>acqu\u00e9rir<\/strong> les <strong>comp\u00e9tences<\/strong> qui deviendront n\u00e9cessaires au renforcement de notre autonomie<\/li>\n<\/ul>\n\n\n\n<p>D\u00e8s lors, chaque groupe local de Transition trouvera par lui-m\u00eame les solutions qui lui conviennent en fonction de ses ressources et de ses enjeux. Il n\u2019y a pas de r\u00e9ponse toute faite. Le mod\u00e8le de Transition offre un cadre de travail coh\u00e9rent mais non coercitif. Le fonctionnement des groupes est horizontal et participatif.<\/p>\n\n\n\n<p>Une initiative de Transition est une sorte catalyseur  qui a pour objectifs de :<\/p>\n\n\n\n<ul class=\"wp-block-list\">\n<li>mettre en place des <strong>actions concr\u00e8tes<\/strong> (achats locaux, collectifs, jardins partag\u00e9s , monnaie locale, &nbsp;<a href=\"http:\/\/repaircafe.org\/fr\/\" target=\"_blank\" rel=\"noreferrer noopener\">repair caf\u00e9s<\/a>, recyclerie, f\u00eate, conf\u00e9rences\u2026) <\/li>\n\n\n\n<li>soutenir et valoriser les <strong>r\u00e9alisations<\/strong> port\u00e9es par d\u2019autres (associations, Agenda 21, entreprises\u2026)<\/li>\n\n\n\n<li>encourager et favoriser la <strong>convergence<\/strong> entre les initiatives citoyennes  et les actions des pouvoirs publics sur les territoires<\/li>\n<\/ul>\n\n\n\n<p><strong>Pourquoi agir localement?<\/strong><\/p>\n\n\n\n<ul class=\"wp-block-list\">\n<li>parce que c\u2019est le niveau auquel les citoyens peuvent inventer des solutions bien adapt\u00e9es \u00e0 leur r\u00e9alit\u00e9 et passer \u00e0 l\u2019action<\/li>\n\n\n\n<li>parce que c\u2019est la proximit\u00e9 qui associe le plus simplement les gens, les ressources et les solidarit\u00e9s pour agir<\/li>\n\n\n\n<li>parce qu\u2019il n\u2019y aura pas de lois magiques, ni de sauveurs bienveillants qui r\u00e9soudront nos probl\u00e8mes \u00e0 notre place<\/li>\n<\/ul>\n\n\n\n<p>La d\u00e9marche des initiatives de Transition est r\u00e9sum\u00e9e dans le <em>Manuel de Transition<\/em>. Cette d\u00e9marche consiste \u00e0 aider les habitants d\u2019un territoire \u00e0 d\u00e9finir ensemble leur avenir et les solutions qu\u2019ils souhaitent mettre en place. La premi\u00e8re \u00e9tape consiste \u00e0 \u00e9tablir une vision commune qui d\u00e9dramatise la mutation \u00e0 venir et fournit la motivation n\u00e9cessaire pour s\u2019engager dans un profond processus personnel et collectif de changement. <\/p>\n\n\n\n<p>Pour <strong>en savoir plus<\/strong>\u00a0sur le r\u00e9seau et ses r\u00e9alisations, visionnez la vid\u00e9o \u00ab\u00a0<em>Transition 2.0<\/em>\u00a0\u00bb (<a aria-label=\" (s\u2019ouvre dans un nouvel onglet)\" href=\"https:\/\/youtu.be\/FFQFBmq7X84\" target=\"_blank\" rel=\"noreferrer noopener\">https:\/\/youtu.be\/FFQFBmq7X84<\/a>), une immersion \u00e0 la source du mouvement\u00a0de transition, sans doute\u00a0la meilleure introduction possible\u2026<br>Source&nbsp;: Transition France, le mouvement de la transition en France<\/p>\n\n\n\n<p><br>Et une vid\u00e9o de MAI 2025, capt\u00e9e par notre mairie,  sur la pr\u00e9sentation de l&rsquo;association  (<a href=\"https:\/\/www.youtube.com\/watch?v=5bfDgf9Nq8w\">https:\/\/www.youtube.com\/watch?v=5bfDgf9Nq8w<\/a>)<\/p>\n\n\n\n<p><\/p>\n\n\n\n<p><\/p>\n","protected":false},"excerpt":{"rendered":"<p>Nous sommes une association apolitique de citoyens habitant Bouc Bel Air. Notre objectif : mettre en place une d\u00e9marche de Transition inspir\u00e9e du mouvement international des villes en transition. Pour cela, nous nous appuyons sur le r\u00e9seau de \u00ab&nbsp;Pays d\u2019Aix<\/p>\n","protected":false},"author":27,"featured_media":0,"parent":0,"menu_order":0,"comment_status":"closed","ping_status":"closed","template":"","meta":{"_mc_calendar":[],"footnotes":""},"class_list":["post-29","page","type-page","status-publish","hentry"],"_links":{"self":[{"href":"https:\/\/boucentransition.fr\/index.php\/wp-json\/wp\/v2\/pages\/29","targetHints":{"allow":["GET"]}}],"collection":[{"href":"https:\/\/boucentransition.fr\/index.php\/wp-json\/wp\/v2\/pages"}],"about":[{"href":"https:\/\/boucentransition.fr\/index.php\/wp-json\/wp\/v2\/types\/page"}],"author":[{"embeddable":true,"href":"https:\/\/boucentransition.fr\/index.php\/wp-json\/wp\/v2\/users\/27"}],"replies":[{"embeddable":true,"href":"https:\/\/boucentransition.fr\/index.php\/wp-json\/wp\/v2\/comments?post=29"}],"version-history":[{"count":17,"href":"https:\/\/boucentransition.fr\/index.php\/wp-json\/wp\/v2\/pages\/29\/revisions"}],"predecessor-version":[{"id":1205,"href":"https:\/\/boucentransition.fr\/index.php\/wp-json\/wp\/v2\/pages\/29\/revisions\/1205"}],"wp:attachment":[{"href":"https:\/\/boucentransition.fr\/index.php\/wp-json\/wp\/v2\/media?parent=29"}],"curies":[{"name":"wp","href":"https:\/\/api.w.org\/{rel}","templated":true}]}}