{"id":44,"date":"2019-10-08T19:37:04","date_gmt":"2019-10-08T17:37:04","guid":{"rendered":"http:\/\/boucentransition.fr\/?page_id=44"},"modified":"2025-07-06T21:02:09","modified_gmt":"2025-07-06T19:02:09","slug":"contact","status":"publish","type":"page","link":"https:\/\/boucentransition.fr\/index.php\/contact\/","title":{"rendered":"Contact &amp; Mentions L\u00e9gales"},"content":{"rendered":"\n<p><strong>Retrouvez nous tous les mercredis \u00e0 17h30 \u00e0 la Maison de la Nature, rue Fr\u00e9d\u00e9ric Chopin Bouc Bel Air. (GPS:N43.458, E5.415)<\/strong><\/p>\n\n\n\n<p><\/p>\n\n\n\n<p>Ecrivez nous \u00e0 <a href=\"mailto:boucentransition@gmail.com\"><strong>boucentransition@gmail.com<\/strong><\/a><\/p>\n\n\n\n<p>Rejoignez nous en adh\u00e9rant : <a href=\"https:\/\/www.helloasso.com\/associations\/bouc-en-transition\/adhesions\/carte-d-adherent-bouc-en-transition-2025-2026\"><strong>https:\/\/www.helloasso.com\/associations\/bouc-en-transition\/adhesions\/carte-d-adherent-bouc-en-transition-2025-2026<\/strong><\/a><\/p>\n\n\n\n<p><\/p>\n\n\n\n<p><strong>Mentions l\u00e9gales<\/strong><\/p>\n\n\n\n<p>Conform\u00e9ment aux dispositions de la loi n\u00b02004-575 du 21 juin 2004 pour la Confiance en l\u2019\u00e9conomie num\u00e9rique, il est port\u00e9 \u00e0 la connaissance des utilisateurs et visiteurs, du site <strong>boucentransition.fr<\/strong>,  les pr\u00e9sentes mentions l\u00e9gales:<\/p>\n\n\n\n<h6 class=\"wp-block-heading\">EDITION DU SITE<\/h6>\n\n\n\n<p>L&rsquo;\u00e9dition du Site est assur\u00e9e par l\u2019association Bouc en Transition, Association loi 1901 d\u00e9clar\u00e9e en Sous-Pr\u00e9fecture d\u2019Aix en Provence sous le num\u00e9ro RNA W131016737, dont le si\u00e8ge social est situ\u00e9 au 10 rue Gerard Philippe 13320 Bouc Bel Air.<\/p>\n\n\n\n<p>&gt; <strong>Adresse e-mail<\/strong> : <strong>boucentransition@gmail.com.<\/strong><\/p>\n\n\n\n<p>&gt; <strong>Directeur de la publication<\/strong> : Gael Le Scaon<\/p>\n\n\n\n<h6 class=\"wp-block-heading\">HEBERGEUR<\/h6>\n\n\n\n<p>L&rsquo;h\u00e9bergeur du Site est la soci\u00e9t\u00e9 OVH, dont le si\u00e8ge social est situ\u00e9 au 2 rue Kellermann BP 80157 59053 Roubaix Cedex 1.<\/p>\n\n\n\n<h6 class=\"wp-block-heading\">ACCES AU SITE<\/h6>\n\n\n\n<p>Le Site est normalement accessible, \u00e0 tout moment, \u00e0 l&rsquo;Utilisateur. Toutefois, l&rsquo;Editeur pourra, \u00e0 tout moment, suspendre, limiter ou interrompre le Site afin de proc\u00e9der, notamment, \u00e0 des mises \u00e0 jour ou des modifications de son contenu. L&rsquo;Editeur ne pourra en aucun cas \u00eatre tenu responsable des cons\u00e9quences \u00e9ventuelles de cette indisponibilit\u00e9 sur les activit\u00e9s de l&rsquo;Utilisateur.<\/p>\n\n\n\n<p>Toute utilisation, reproduction, diffusion, commercialisation, modification de toute ou partie du Site\ufeff, sans autorisation expresse de l\u2019Editeur est prohib\u00e9e et pourra entra\u00eener des actions et poursuites judiciaires telles que pr\u00e9vues par la r\u00e8glementation en vigueur.<\/p>\n","protected":false},"excerpt":{"rendered":"<p>Retrouvez nous tous les mercredis \u00e0 17h30 \u00e0 la Maison de la Nature, rue Fr\u00e9d\u00e9ric Chopin Bouc Bel Air. (GPS:N43.458, E5.415) Ecrivez nous \u00e0 boucentransition@gmail.com Rejoignez nous en adh\u00e9rant : https:\/\/www.helloasso.com\/associations\/bouc-en-transition\/adhesions\/carte-d-adherent-bouc-en-transition-2025-2026 Mentions l\u00e9gales Conform\u00e9ment aux dispositions de la loi n\u00b02004-575<\/p>\n","protected":false},"author":27,"featured_media":0,"parent":0,"menu_order":0,"comment_status":"closed","ping_status":"closed","template":"","meta":{"_mc_calendar":[],"footnotes":""},"class_list":["post-44","page","type-page","status-publish","hentry"],"_links":{"self":[{"href":"https:\/\/boucentransition.fr\/index.php\/wp-json\/wp\/v2\/pages\/44","targetHints":{"allow":["GET"]}}],"collection":[{"href":"https:\/\/boucentransition.fr\/index.php\/wp-json\/wp\/v2\/pages"}],"about":[{"href":"https:\/\/boucentransition.fr\/index.php\/wp-json\/wp\/v2\/types\/page"}],"author":[{"embeddable":true,"href":"https:\/\/boucentransition.fr\/index.php\/wp-json\/wp\/v2\/users\/27"}],"replies":[{"embeddable":true,"href":"https:\/\/boucentransition.fr\/index.php\/wp-json\/wp\/v2\/comments?post=44"}],"version-history":[{"count":15,"href":"https:\/\/boucentransition.fr\/index.php\/wp-json\/wp\/v2\/pages\/44\/revisions"}],"predecessor-version":[{"id":1208,"href":"https:\/\/boucentransition.fr\/index.php\/wp-json\/wp\/v2\/pages\/44\/revisions\/1208"}],"wp:attachment":[{"href":"https:\/\/boucentransition.fr\/index.php\/wp-json\/wp\/v2\/media?parent=44"}],"curies":[{"name":"wp","href":"https:\/\/api.w.org\/{rel}","templated":true}]}}