{"id":466,"date":"2019-11-08T10:15:27","date_gmt":"2019-11-08T09:15:27","guid":{"rendered":"http:\/\/boucentransition.fr\/?page_id=466"},"modified":"2022-10-22T12:29:39","modified_gmt":"2022-10-22T10:29:39","slug":"a-consulter-transition","status":"publish","type":"page","link":"https:\/\/boucentransition.fr\/index.php\/a-consulter-transition\/","title":{"rendered":"Informations TRANSITION"},"content":{"rendered":"\n<p>Cette page regroupe l&rsquo;ensembles des livres, ouvrages, sites internet, articles, films, documentaires ou encore sites physiques \u00e0 visiter concernant le th\u00e8me <strong>g\u00e9n\u00e9ral<\/strong> de la <strong>transition \u00e9cologique<\/strong>.<br>Pour nous proposer une r\u00e9f\u00e9rence sur ce th\u00e8me, <a href=\"https:\/\/boucentransition.fr\/index.php\/contact\/\">\u00e9crivez-nous<\/a>.<\/p>\n\n\n\n<p><strong>A lire&nbsp;:<\/strong><\/p>\n\n\n\n<ul class=\"wp-block-list\"><li>\u00ab&nbsp;<strong>Manuel de Transition &#8211; de la D\u00e9pendance au P\u00e9trole \u00e0 la R\u00e9silience Locale<\/strong>&nbsp;\u00bb de Rob Hopkins (<a href=\"http:\/\/www.entransition.fr\/le-manuel\/\">http:\/\/www.entransition.fr\/le-manuel\/<\/a>)<\/li><li>\u00ab&nbsp;<strong>Le Guide Essentiel de la Transition&nbsp;: Comment lancer la Transition dans votre village, votre r\u00e9gion ou votre organisation<\/strong>&nbsp;\u00bb par l&rsquo;\u00e9quipe du Transition Network (<a href=\"https:\/\/transitionnetwork.org\/wp-content\/uploads\/2017\/02\/The-Essential-Guide-to-Doing-Transition.-Le-Guide-Essentiel-de-la-Transition..compressed.pdf\">https:\/\/transitionnetwork.org\/wp-content\/uploads\/2017\/02\/The-Essential-Guide-to-Doing-Transition.-Le-Guide-Essentiel-de-la-Transition..compressed.pdf<\/a>)<\/li><li>\u00ab&nbsp;<strong>Le pouvoir d&rsquo;agir ensemble, ici et maintenant<\/strong>&nbsp;\u00bb de Rob Hopkins (cf biblioth\u00e8que)<\/li><li>\u00ab&nbsp;<strong>Ils changent le monde ! : 1001 initiatives de transition \u00e9cologique<\/strong>&nbsp;\u00bb de Rob Hopkins (cf biblioth\u00e8que)<\/li><li>\u00ab&nbsp;<strong>Comment tout peut s\u2019effondrer. Petit manuel de collapsologie \u00e0 l\u2019usage des g\u00e9n\u00e9rations pr\u00e9sentes<\/strong>&nbsp;\u00bb de&nbsp;Pablo Servigne &amp; Rapha\u00ebl Stevens<\/li><li>\u00ab&nbsp;<strong>Yggdrasil&nbsp;&#8211; Effondrement &amp; renouveau<\/strong> \u00bb : magazine-livre qui traite des questions li\u00e9es \u00e0 l\u2019effondrement et \u00e0 la r\u00e9silience de notre civilisation (<a href=\"https:\/\/yggdrasil-mag.com\/\">https:\/\/yggdrasil-mag.com\/<\/a>)<\/li><li>\u00ab&nbsp;<strong>Face \u00e0 l&rsquo;effondrement : si j&rsquo;\u00e9tais maire ? Comment citoyens et \u00e9lus peuvent pr\u00e9parer la r\u00e9silience<\/strong>&nbsp;\u00bb&nbsp;<a href=\"http:\/\/www.yvesmichel.org\/product-page\/livres-nouveautes\/face-a-leffondrement-si-jetais-maire\/\">http:\/\/www.yvesmichel.org\/product-page\/livres-nouveautes\/face-a-leffondrement-si-jetais-maire\/<\/a><\/li><li>\u00ab&nbsp;32 mesures et de 3 principes transversaux&nbsp;\u00bb du Pacte pour la Transition : <a href=\"https:\/\/nextcloud.transition-citoyenne.org\/index.php\/s\/8yqHDNXbX2HpPEc#pdfviewer\">https:\/\/nextcloud.transition-citoyenne.org\/index.php\/s\/8yqHDNXbX2HpPEc#pdfviewer<\/a><\/li><\/ul>\n\n\n\n<p><strong>A voir&nbsp;:<\/strong><\/p>\n\n\n\n<ul class=\"wp-block-list\"><li>\u00ab\u00a0<strong>En Transition 1.0<\/strong>\u00a0\u00bb par <a href=\"https:\/\/vimeo.com\/transitiontowns\">Transition Towns<\/a> (<a href=\"https:\/\/vimeo.com\/16000409\">https:\/\/vimeo.com\/16000409<\/a>)<\/li><li>\u00ab\u00a0<strong>En Transition 2.0<\/strong>\u00a0\u00bb par <a href=\"https:\/\/www.youtube.com\/channel\/UC7v-yIznW6D57LK8p_ZtmXQ\">TransitionTowns<\/a> (en activant les sous-titres de Youtube, <a href=\"https:\/\/www.reseautransition.be\/articles\/en-transition-2-0-organisez-une-projection-chez-vous\">https:\/\/www.reseautransition.be\/articles\/en-transition-2-0-organisez-une-projection-chez-vous<\/a>)<\/li><li>\u00ab\u00a0<strong>Le Manuel de la Transition\u00a0pr\u00e9sent\u00e9 par Rob Hopkins <\/strong>\u00bb (reportage de Transitionenergie : <a href=\"https:\/\/www.youtube.com\/watch?v=18EfSfefDEk\">https:\/\/www.youtube.com\/watch?v=18EfSfefDEk<\/a>)<\/li><li>\u00ab\u00a0<strong>Qu&rsquo;est-ce qu&rsquo;on attend ?<\/strong>\u00a0\u00bb de Marie-Monique Robin (disponible en DVD \u00e0 la biblioth\u00e8que, <a href=\"https:\/\/www.mariemoniquerobin.com\/questcequonattend.html\">https:\/\/www.mariemoniquerobin.com\/questcequonattend.html<\/a>)<\/li><li>\u00ab<strong>\u00a0Demain\u00a0<\/strong>\u00bb de Cyril Dion et M\u00e9lanie Laurent (disponible en DVD \u00e0 la biblioth\u00e8que, <a href=\"https:\/\/www.allocine.fr\/film\/fichefilm_gen_cfilm=229903.html\" target=\"_blank\" rel=\"noreferrer noopener\">https:\/\/www.allocine.fr\/film\/fichefilm_gen_cfilm=229903.html<\/a>)<\/li><li>\u00ab\u00a0<strong>Apr\u00e8s-demain<\/strong>\u00a0\u00bb de Cyril Dion (<a href=\"https:\/\/www.youtube.com\/watch?v=5U32fj0syAk\">https:\/\/www.youtube.com\/watch?v=5U32fj0syAk<\/a>)<\/li><\/ul>\n\n\n\n<p><strong>A consulter en ligne&nbsp;:<\/strong><\/p>\n\n\n\n<ul class=\"wp-block-list\"><li><a href=\"http:\/\/www.entransition.fr\/\">http:\/\/www.entransition.fr\/<\/a><\/li><li><a href=\"https:\/\/www.reseautransition.be\/\">https:\/\/www.reseautransition.be\/<\/a><\/li><li><a href=\"https:\/\/transition-citoyenne.org\/\">https:\/\/transition-citoyenne.org\/<\/a><\/li><li><a href=\"https:\/\/www.pacte-transition.org\/\">https:\/\/www.pacte-transition.org\/<\/a><\/li><li><a href=\"https:\/\/transiscope.org\/\">https:\/\/transiscope.org\/<\/a><\/li><li>&#8230;<\/li><\/ul>\n","protected":false},"excerpt":{"rendered":"<p>Cette page regroupe l&rsquo;ensembles des livres, ouvrages, sites internet, articles, films, documentaires ou encore sites physiques \u00e0 visiter concernant le th\u00e8me g\u00e9n\u00e9ral de la transition \u00e9cologique.Pour nous proposer une r\u00e9f\u00e9rence sur ce th\u00e8me, \u00e9crivez-nous. A lire&nbsp;: \u00ab&nbsp;Manuel de Transition &#8211;<\/p>\n","protected":false},"author":27,"featured_media":0,"parent":0,"menu_order":0,"comment_status":"closed","ping_status":"closed","template":"","meta":{"_mc_calendar":[],"footnotes":""},"class_list":["post-466","page","type-page","status-publish","hentry"],"_links":{"self":[{"href":"https:\/\/boucentransition.fr\/index.php\/wp-json\/wp\/v2\/pages\/466","targetHints":{"allow":["GET"]}}],"collection":[{"href":"https:\/\/boucentransition.fr\/index.php\/wp-json\/wp\/v2\/pages"}],"about":[{"href":"https:\/\/boucentransition.fr\/index.php\/wp-json\/wp\/v2\/types\/page"}],"author":[{"embeddable":true,"href":"https:\/\/boucentransition.fr\/index.php\/wp-json\/wp\/v2\/users\/27"}],"replies":[{"embeddable":true,"href":"https:\/\/boucentransition.fr\/index.php\/wp-json\/wp\/v2\/comments?post=466"}],"version-history":[{"count":7,"href":"https:\/\/boucentransition.fr\/index.php\/wp-json\/wp\/v2\/pages\/466\/revisions"}],"predecessor-version":[{"id":903,"href":"https:\/\/boucentransition.fr\/index.php\/wp-json\/wp\/v2\/pages\/466\/revisions\/903"}],"wp:attachment":[{"href":"https:\/\/boucentransition.fr\/index.php\/wp-json\/wp\/v2\/media?parent=466"}],"curies":[{"name":"wp","href":"https:\/\/api.w.org\/{rel}","templated":true}]}}