{"id":468,"date":"2019-11-08T10:17:00","date_gmt":"2019-11-08T09:17:00","guid":{"rendered":"http:\/\/boucentransition.fr\/?page_id=468"},"modified":"2025-07-13T19:09:38","modified_gmt":"2025-07-13T17:09:38","slug":"a-consulter-transport","status":"publish","type":"page","link":"https:\/\/boucentransition.fr\/index.php\/a-consulter-transport\/","title":{"rendered":"Informations TRANSPORT"},"content":{"rendered":"\n<p>Cette page regroupe l&rsquo;ensembles des livres, ouvrages, sites internet, articles, films, documentaires ou encore sites physiques \u00e0 visiter concernant le th\u00e8me <strong>du transport<\/strong> <strong>doux<\/strong> s&rsquo;inscrivant dans la <strong>transition \u00e9cologique<\/strong>.<br>Pour nous proposer une r\u00e9f\u00e9rence sur ce th\u00e8me, <a href=\"https:\/\/boucentransition.fr\/index.php\/contact\/\">\u00e9crivez-nous<\/a>.<\/p>\n\n\n\n<p><\/p>\n\n\n\n<p><span style=\"text-decoration: underline;\">A voir<\/span><br>Documentaire \u00ab&nbsp;WHY WE CYCLE&nbsp;\u00bb http:\/\/whywecycle.eu<\/p>\n\n\n\n<p>Mini docu : DATAGUEULE 65 : Ne voiture rien venir ? (https:\/\/www.youtube.com\/watch?v=E9-mqOil5dY)<\/p>\n\n\n\n<p>Traction hippomobile (<a href=\"https:\/\/france3-regions.francetvinfo.fr\/occitanie\/herault\/montpellier\/herault-eleves-vendargues-vont-ecole-caleches-cheval-1535194.html\">https:\/\/france3-regions.francetvinfo.fr\/occitanie\/herault\/montpellier\/herault-eleves-vendargues-vont-ecole-caleches-cheval-1535194.html<\/a>)<\/p>\n\n\n\n<p><span style=\"text-decoration: underline;\">A lire<\/span><\/p>\n\n\n\n<p>Le guide de Paris en selle (<a href=\"https:\/\/parisenselle.fr\/telecharger-guide-amenagements-cyclables\">https:\/\/parisenselle.fr\/telecharger-guide-amenagements-cyclables<\/a>)<\/p>\n\n\n\n<p>Le \u00ab\u00a0syst\u00e8me v\u00e9lo\u00a0\u00bb de Fr\u00e9d\u00e9ric H\u00e9ran (<a href=\"http:\/\/fr.forumviesmobiles.org\/reperes\/systeme-velo-12437\">http:\/\/fr.forumviesmobiles.org\/reperes\/systeme-velo-12437<\/a>)<\/p>\n\n\n\n<p><\/p>\n\n\n\n<p>Le projet de&nbsp;loi&nbsp;adopt\u00e9 en nouvelle lecture par l\u2019Assembl\u00e9e nationale le 17 septembre 2019 (<a href=\"https:\/\/www.fub.fr\/sites\/fub\/files\/fub\/Communiques\/dossier_presse_fub_lom_02-07-2019.pdf\">https:\/\/www.fub.fr\/sites\/fub\/files\/fub\/Communiques\/dossier_presse_fub_lom_02-07-2019.pdf<\/a>&nbsp;\u21d2 350 millions d\u2019euros affect\u00e9s au fonds v\u00e9lo, pour aider les collectivit\u00e9s \u00e0 cr\u00e9er de v\u00e9ritables r\u00e9seaux cyclables fonctionnels)<\/p>\n\n\n\n<p><\/p>\n\n\n\n<p><span style=\"text-decoration: underline;\">A consulter en ligne<\/span><\/p>\n\n\n\n<p>Carte des am\u00e9nagements pour v\u00e9los (<a href=\"http:\/\/umap.openstreetmap.fr\/fr\/map\/adava-pays-daix_192878#15\/43.4443\/5.4283\">http:\/\/umap.openstreetmap.fr\/fr\/map\/adava-pays-daix_192878#15\/43.4443\/5.4283<\/a>)<\/p>\n\n\n\n<p>Carte pour signaler des observations (<a href=\"https:\/\/ramdam.internet13.info\/\">https:\/\/ramdam.internet13.info\/<\/a>)<br> Association militante locale&nbsp;(<a href=\"http:\/\/adava.fr\">http:\/\/adava.fr<\/a>&nbsp;: expertise en am\u00e9nagements de voies cyclables, r\u00e9f\u00e9rent sur Bouc-Bel-Air : Pierre-Alain)<\/p>\n\n\n\n<p>F\u00e9d\u00e9ration nationale des usagers de la bicyclette (<a href=\"https:\/\/www.fub.fr\/\">https:\/\/www.fub.fr\/<\/a>)<\/p>\n","protected":false},"excerpt":{"rendered":"<p>Cette page regroupe l&rsquo;ensembles des livres, ouvrages, sites internet, articles, films, documentaires ou encore sites physiques \u00e0 visiter concernant le th\u00e8me du transport doux s&rsquo;inscrivant dans la transition \u00e9cologique.Pour nous proposer une r\u00e9f\u00e9rence sur ce th\u00e8me, \u00e9crivez-nous. A voirDocumentaire \u00ab&nbsp;WHY<\/p>\n","protected":false},"author":27,"featured_media":0,"parent":0,"menu_order":0,"comment_status":"closed","ping_status":"closed","template":"","meta":{"_mc_calendar":[],"footnotes":""},"class_list":["post-468","page","type-page","status-publish","hentry"],"_links":{"self":[{"href":"https:\/\/boucentransition.fr\/index.php\/wp-json\/wp\/v2\/pages\/468","targetHints":{"allow":["GET"]}}],"collection":[{"href":"https:\/\/boucentransition.fr\/index.php\/wp-json\/wp\/v2\/pages"}],"about":[{"href":"https:\/\/boucentransition.fr\/index.php\/wp-json\/wp\/v2\/types\/page"}],"author":[{"embeddable":true,"href":"https:\/\/boucentransition.fr\/index.php\/wp-json\/wp\/v2\/users\/27"}],"replies":[{"embeddable":true,"href":"https:\/\/boucentransition.fr\/index.php\/wp-json\/wp\/v2\/comments?post=468"}],"version-history":[{"count":10,"href":"https:\/\/boucentransition.fr\/index.php\/wp-json\/wp\/v2\/pages\/468\/revisions"}],"predecessor-version":[{"id":1213,"href":"https:\/\/boucentransition.fr\/index.php\/wp-json\/wp\/v2\/pages\/468\/revisions\/1213"}],"wp:attachment":[{"href":"https:\/\/boucentransition.fr\/index.php\/wp-json\/wp\/v2\/media?parent=468"}],"curies":[{"name":"wp","href":"https:\/\/api.w.org\/{rel}","templated":true}]}}