{"id":499,"date":"2019-11-13T21:46:00","date_gmt":"2019-11-13T20:46:00","guid":{"rendered":"http:\/\/boucentransition.fr\/?page_id=499"},"modified":"2025-06-27T16:21:57","modified_gmt":"2025-06-27T14:21:57","slug":"a-consulter-dechets","status":"publish","type":"page","link":"https:\/\/boucentransition.fr\/index.php\/a-consulter-dechets\/","title":{"rendered":"Informations D\u00c9CHETS"},"content":{"rendered":"\n<p>Cette page regroupe l\u2019ensemble des livres, ouvrages, sites internet, articles, films, documentaires ou encore sites physiques \u00e0 visiter concernant le th\u00e8me&nbsp;<strong>d\u00e9chets<\/strong> :<strong> r\u00e9duction de d\u00e9chets<\/strong> ou <strong>traitement des d\u00e9chets <\/strong>s\u2019inscrivant dans la&nbsp;<strong>transition \u00e9cologique<\/strong>.<br>Pour nous proposer une r\u00e9f\u00e9rence sur ce th\u00e8me,&nbsp;<a href=\"https:\/\/boucentransition.fr\/index.php\/contact\/\">\u00e9crivez-nous<\/a>.<\/p>\n\n\n\n<p><span style=\"text-decoration: underline;\">A \u00e9couter<\/span> :<\/p>\n\n\n\n<p>2 octobre 2020 : <a href=\"https:\/\/www.franceinter.fr\/emissions\/la-terre-au-carre\/la-terre-au-carre-05-octobre-2020?fbclid=IwAR1jEjGdy-EO97VsQoi_G2Z-rJaT3o3yOdS2QW89HhakGmpvJFXU0UQtLsw\">Recyclage : un mirage dans la r\u00e9duction de nos d\u00e9chets ?<\/a> \u00c9mission \u00ab\u00a0La Terre au Carr\u00e9\u00a0\u00bb Mathieu Vidar, France Inter : \u00ab\u00a0<em>Les d\u00e9chets sont-ils une ressource comme une autre ? Contrairement \u00e0 ce qui est communiqu\u00e9, le recyclage tel qu\u2019il est pr\u00e9sent\u00e9 aujourd\u2019hui est loin d\u2019\u00eatre la panac\u00e9e pour r\u00e9pondre \u00e0 la gestion de notre production exponentielle de d\u00e9chets et encouragerait m\u00eame \u00e0 en produire davantage.<\/em>\u00ab\u00a0<\/p>\n\n\n\n<p><span style=\"text-decoration: underline;\">A voir<\/span> :<\/p>\n\n\n\n<p>11 octobre 2018 : \u00ab\u00a0Le tri s\u00e9lectif est un maillon essentiel dans le recyclage de nos d\u00e9chets\u00a0\u00bb dixit <a href=\"https:\/\/www.arte.tv\/fr\/videos\/081077-017-A\/data-science-vs-fake\/\">Data Science vs Fake : Le tri s\u00e9lectif ne sert \u00e0 rien<\/a> sur art.tv<\/p>\n\n\n\n<p><span style=\"text-decoration: underline;\">Ce qui se fait dans la r\u00e9gion<\/span> :<\/p>\n\n\n\n<ul class=\"wp-block-list\">\n<li><\/li>\n\n\n\n<li><a href=\"https:\/\/zerowasteprovence.wixsite.com\/paysdaix\/zerowasteprovence\">A<\/a><a href=\"https:\/\/zerowasteprovence.wixsite.com\/paysdaix\">ssociation Z\u00e9ro d\u00e9chet Pays d&rsquo;Aix<\/a> (<a href=\"https:\/\/www.facebook.com\/zerodechetpaysdaix\/\">sa page FB<\/a>)<\/li>\n\n\n\n<li>Bouc en Transition a organis\u00e9 un d\u00e9fi Zero d\u00e9chets (voir l&rsquo;article) et anime ce th\u00e8me.<\/li>\n\n\n\n<li>&#8230;<\/li>\n<\/ul>\n\n\n\n<p> <span style=\"text-decoration: underline;\">A lire&#8230; et trouver l&rsquo;inspiration<\/span> :<\/p>\n\n\n\n<ul class=\"wp-block-list\">\n<li>\u00ab\u00a0Z\u00e9ro d\u00e9chet : mode d\u2019emploi\u00a0\u00bb de S. Araud-Laporte (disponible \u00e0 la biblioth\u00e8que de BBA sous le titre \u00ab\u00a0<a href=\"http:\/\/biblio.boucbelair.com\/index.php?option=com_opac&amp;task=DetailNtcFull&amp;num_ntc=1300170763&amp;Itemid=1\">Moins gaspiller<\/a>\u00a0\u00bb) <\/li>\n\n\n\n<li>\u00ab\u00a0<strong>Territoires zerowaste : guide pratique pour am\u00e9liorer la gestion des d\u00e9chets en loca<\/strong>l\u00a0\u00bb <a href=\"https:\/\/www.zerowastefrance.org\/territoire-zero-waste-livre-revolutionner-gestion-dechets\/\">https:\/\/www.zerowastefrance.org\/territoire-zero-waste-livre-revolutionner-gestion-dechets\/<\/a>` <\/li>\n\n\n\n<li><a href=\"https:\/\/www.famillezerodechet.com\/\">La Famille Z\u00e9ro D\u00e9chet<\/a><\/li>\n\n\n\n<li>&#8230; <\/li>\n<\/ul>\n","protected":false},"excerpt":{"rendered":"<p>Cette page regroupe l\u2019ensemble des livres, ouvrages, sites internet, articles, films, documentaires ou encore sites physiques \u00e0 visiter concernant le th\u00e8me&nbsp;d\u00e9chets : r\u00e9duction de d\u00e9chets ou traitement des d\u00e9chets s\u2019inscrivant dans la&nbsp;transition \u00e9cologique.Pour nous proposer une r\u00e9f\u00e9rence sur ce th\u00e8me,&nbsp;\u00e9crivez-nous.<\/p>\n","protected":false},"author":27,"featured_media":0,"parent":0,"menu_order":0,"comment_status":"closed","ping_status":"closed","template":"","meta":{"_mc_calendar":[],"footnotes":""},"class_list":["post-499","page","type-page","status-publish","hentry"],"_links":{"self":[{"href":"https:\/\/boucentransition.fr\/index.php\/wp-json\/wp\/v2\/pages\/499","targetHints":{"allow":["GET"]}}],"collection":[{"href":"https:\/\/boucentransition.fr\/index.php\/wp-json\/wp\/v2\/pages"}],"about":[{"href":"https:\/\/boucentransition.fr\/index.php\/wp-json\/wp\/v2\/types\/page"}],"author":[{"embeddable":true,"href":"https:\/\/boucentransition.fr\/index.php\/wp-json\/wp\/v2\/users\/27"}],"replies":[{"embeddable":true,"href":"https:\/\/boucentransition.fr\/index.php\/wp-json\/wp\/v2\/comments?post=499"}],"version-history":[{"count":11,"href":"https:\/\/boucentransition.fr\/index.php\/wp-json\/wp\/v2\/pages\/499\/revisions"}],"predecessor-version":[{"id":1190,"href":"https:\/\/boucentransition.fr\/index.php\/wp-json\/wp\/v2\/pages\/499\/revisions\/1190"}],"wp:attachment":[{"href":"https:\/\/boucentransition.fr\/index.php\/wp-json\/wp\/v2\/media?parent=499"}],"curies":[{"name":"wp","href":"https:\/\/api.w.org\/{rel}","templated":true}]}}