{"id":538,"date":"2019-11-16T16:10:40","date_gmt":"2019-11-16T15:10:40","guid":{"rendered":"http:\/\/boucentransition.fr\/?page_id=538"},"modified":"2025-06-27T16:47:22","modified_gmt":"2025-06-27T14:47:22","slug":"a-consulter-lieux-de-partage","status":"publish","type":"page","link":"https:\/\/boucentransition.fr\/index.php\/a-consulter-lieux-de-partage\/","title":{"rendered":"Informations LIEUX DE PARTAGE"},"content":{"rendered":"\n<p>Cette page regroupe l\u2019ensemble des livres, ouvrages, sites internet, articles, films, documentaires ou encore sites physiques \u00e0 visiter concernant le th\u00e8me des lieux de partage \/ lieux partag\u00e9s.<br> Pour nous proposer une r\u00e9f\u00e9rence sur ce th\u00e8me,&nbsp;<a href=\"https:\/\/boucentransition.fr\/index.php\/contact\/\">\u00e9crivez-nous<\/a>.<\/p>\n\n\n\n<p><strong>Des id\u00e9es, des envies en lien avec les lieux de partage ?<\/strong> Rejoignez-nous pour inventer ensemble un nouveau vivre ensemble. Consultez nos avanc\u00e9es sur la page d\u00e9di\u00e9e <a href=\"https:\/\/boucentransition.fr\/index.php\/category\/vivre-ensemble\/\">\u00ab\u00a0vivre ensemble\u00a0\u00bb<\/a>.<\/p>\n\n\n\n<p><span style=\"text-decoration: underline;\">Exemples inspirants<\/span> :<br> \u2022    <strong>Cabri\u00e8s<\/strong> (13) : Le Bus, Caf\u00e9 associatif (<a href=\"https:\/\/fr-fr.facebook.com\/pages\/category\/Nonprofit-Organization\/Association-A-dans-le-bus-301518573875326\/\">https:\/\/fr-fr.facebook.com\/pages\/category\/Nonprofit-Organization\/Association-A-dans-le-bus-301518573875326\/<\/a>)<br> \u2022    <strong>Crest<\/strong> (26) : L\u2019Hydre, bar associatif (<a href=\"https:\/\/hydre.casa\/\">https:\/\/hydre.casa\/<\/a>)<br> \u2022    \u2026<\/p>\n\n\n\n<p>Pour favoriser l&rsquo;\u00e9mergence d&rsquo;un groupe qui aurait envie de cr\u00e9er un lieu de partage, type caf\u00e9 associatif, Bouc en Transition organise chaque trimestre \u00e0 la Maison de la Nature une soir\u00e9e <strong>Jeux de soci\u00e9t\u00e9.  <\/strong>Si vous \u00eates int\u00e9ress\u00e9  par recevoir l&rsquo;invitation, \u00e9crivez nous \u00e0 <a href=\"mailto:boucentransition@gmail.com\">boucentransition@gmail.com<\/a><\/p>\n\n\n\n<p><\/p>\n","protected":false},"excerpt":{"rendered":"<p>Cette page regroupe l\u2019ensemble des livres, ouvrages, sites internet, articles, films, documentaires ou encore sites physiques \u00e0 visiter concernant le th\u00e8me des lieux de partage \/ lieux partag\u00e9s. Pour nous proposer une r\u00e9f\u00e9rence sur ce th\u00e8me,&nbsp;\u00e9crivez-nous. Des id\u00e9es, des envies<\/p>\n","protected":false},"author":27,"featured_media":0,"parent":0,"menu_order":0,"comment_status":"closed","ping_status":"closed","template":"","meta":{"_mc_calendar":[],"footnotes":""},"class_list":["post-538","page","type-page","status-publish","hentry"],"_links":{"self":[{"href":"https:\/\/boucentransition.fr\/index.php\/wp-json\/wp\/v2\/pages\/538","targetHints":{"allow":["GET"]}}],"collection":[{"href":"https:\/\/boucentransition.fr\/index.php\/wp-json\/wp\/v2\/pages"}],"about":[{"href":"https:\/\/boucentransition.fr\/index.php\/wp-json\/wp\/v2\/types\/page"}],"author":[{"embeddable":true,"href":"https:\/\/boucentransition.fr\/index.php\/wp-json\/wp\/v2\/users\/27"}],"replies":[{"embeddable":true,"href":"https:\/\/boucentransition.fr\/index.php\/wp-json\/wp\/v2\/comments?post=538"}],"version-history":[{"count":9,"href":"https:\/\/boucentransition.fr\/index.php\/wp-json\/wp\/v2\/pages\/538\/revisions"}],"predecessor-version":[{"id":1194,"href":"https:\/\/boucentransition.fr\/index.php\/wp-json\/wp\/v2\/pages\/538\/revisions\/1194"}],"wp:attachment":[{"href":"https:\/\/boucentransition.fr\/index.php\/wp-json\/wp\/v2\/media?parent=538"}],"curies":[{"name":"wp","href":"https:\/\/api.w.org\/{rel}","templated":true}]}}